{"id":902,"date":"2022-03-07T09:05:12","date_gmt":"2022-03-07T09:05:12","guid":{"rendered":"https:\/\/tenerifeweddingplanners.com\/terminos-y-condiciones\/"},"modified":"2023-01-08T14:44:07","modified_gmt":"2023-01-08T14:44:07","slug":"terminos-y-condiciones","status":"publish","type":"page","link":"https:\/\/tenerifeweddingplanners.com\/es\/terminos-y-condiciones\/","title":{"rendered":"T\u00e9rminos y condiciones"},"content":{"rendered":"\n[et_pb_section fb_built=\u00bb1&#8243; theme_builder_area=\u00bbpost_content\u00bb _builder_version=\u00bb4.14.8&#8243; _module_preset=\u00bbdefault\u00bb][et_pb_row _builder_version=\u00bb4.14.8&#8243; _module_preset=\u00bbdefault\u00bb theme_builder_area=\u00bbpost_content\u00bb][et_pb_column _builder_version=\u00bb4.14.8&#8243; _module_preset=\u00bbdefault\u00bb type=\u00bb4_4&#8243; theme_builder_area=\u00bbpost_content\u00bb][et_pb_text _builder_version=\u00bb4.14.8&#8243; _module_preset=\u00bbdefault\u00bb theme_builder_area=\u00bbpost_content\u00bb header_line_height=\u00bb1.5em\u00bb hover_enabled=\u00bb0&#8243; sticky_enabled=\u00bb0&#8243;]<h1>T\u00e9rminos y condiciones<\/h1>\n<h3>\u201cTenerife Wedding Planners\u201d<\/h3>\n<p>Significa la empresa denominada Tenerife Wedding Planners y todas aquellas personas que trabajan y son empleadas, retribuidas o no, por Tenerife Wedding Planners.<\/p>\n<h4>\u201cEl cliente\u201d<\/h4>\n<p>La persona\/pareja que contrata los servicios de Tenerife Wedding Planners y cuyo nombre figura en el contrato. Al reservar los servicios de Tenerife Wedding Planners, usted, el Cliente, acepta los siguientes T\u00e9rminos y condiciones.<\/p>\n<h4>\u00abPago\u00bb<\/h4>\n<p>Usted, el Cliente, acepta que todos los servicios se pagar\u00e1n en su totalidad antes de la fecha del evento seg\u00fan lo solicitado en su acuerdo de contrato.<\/p>\n<p>Su dep\u00f3sito debe pagarse dentro de las 2 semanas posteriores a la reserva y es posible que se requieran pagos parciales posteriores para algunos paquetes. Si no se recibe el pago en la(s) fecha(s) solicitada(s), Tenerife Wedding Planners se reserva el derecho de suspender todo el trabajo para y en su nombre, el Cliente, sin previo aviso y se proceder\u00e1 con cualquier pago pendiente seg\u00fan sea necesario.<\/p>\n<p>Tenerife Wedding Planners no contratar\u00e1 ni reservar\u00e1 ning\u00fan servicio sin consultar y tener un acuerdo contractual completo firmado por correo electr\u00f3nico entre Tenerife Wedding Planners y usted, el Cliente.<\/p>\n<p>Cualquier informaci\u00f3n, dinero, detalles de contacto o arreglos de reserva permanecer\u00e1n seguros y confidenciales y Tenerife Wedding Planners no comparte informaci\u00f3n de ning\u00fan tipo con ninguna otra persona o empresa sin el consentimiento por escrito de los Clientes.<\/p>\n<p>Los planificadores de bodas de Tenerife se comprometen a ofrecer un servicio amable, profesional y minucioso y se esfuerzan por proporcionar siempre un excelente nivel de trabajo.<\/p>\n<p>El asesoramiento y la orientaci\u00f3n que ofrecemos son parte del servicio que paga, sin embargo, es elecci\u00f3n del Cliente decidir si este asesoramiento y orientaci\u00f3n se toma y utiliza de alguna manera. El Cliente no tiene la obligaci\u00f3n de utilizar o seguir los consejos ofrecidos.<\/p>\n<p>Tenerife Wedding Planners no acepta ninguna responsabilidad por las fallas de un tercero o cualquier costo que surja para el Cliente. Tenerife Wedding Planners har\u00e1 todo lo posible, incluida una alta implicaci\u00f3n, para garantizar en todo momento el mejor servicio de terceros.<\/p>\n<p>Tenerife Wedding Planners no ser\u00e1 responsable de ning\u00fan modo por ning\u00fan servicio o bien de terceros. Cualquier reserva que tenga lugar entre el Cliente y el proveedor de servicios, persona o empresa es entre el Cliente y ese proveedor, independientemente de cualquier participaci\u00f3n que Tenerife Wedding Planners pueda tener con la organizaci\u00f3n de esta reserva.<\/p>\n<p>El pago de los servicios reservados, ya sea directamente por el Cliente o a trav\u00e9s de Tenerife Wedding Planners, ser\u00e1 responsabilidad exclusiva del Cliente y Tenerife Wedding Planners no ser\u00e1 responsable de la falta de pago de tarifas o facturas, que siempre ser\u00e1n responsabilidad del Cliente.<\/p>\n<h4>\u00abPol\u00edtica de cancelaci\u00f3n\u00bb<\/h4>\n<p>En caso de cancelaci\u00f3n por parte del Cliente, seguimos estas reglas estrictas para cada reserva:<\/p>\n<p>Cancelaci\u00f3n dentro de las 2 semanas posteriores a la fecha de pago del dep\u00f3sito, se devolver\u00e1 el dep\u00f3sito menos un cargo de administraci\u00f3n de 150 euros.<br>Cualquier cancelaci\u00f3n antes de 6 meses antes de la fecha de la boda\/evento y despu\u00e9s de 2 semanas despu\u00e9s de la fecha de pago del dep\u00f3sito, un cliente puede cancelar su reserva, sin embargo, no se reembolsar\u00e1 el dinero ya pagado. No se adeudar\u00e1n m\u00e1s pagos siempre que se hayan cubierto todos los gastos razonables. Cualquier dinero pagado por Tenerife Wedding Planners en nombre del cliente a un lugar y\/o proveedor(es) ha sido recuperado.<br>Cualquier cancelaci\u00f3n realizada dentro de los 6 meses anteriores a la fecha de la boda \/ evento estar\u00e1 sujeta al pago del 100% del saldo restante. Si se nos ha indicado que trabajemos en su nombre, nos reservamos el derecho de recuperar los gastos y los gastos de bolsillo. Si la fecha se vuelve a reservar por la misma tarifa o una mayor, en cuyo caso se puede ofrecer un reembolso, sujeto a discreci\u00f3n.<\/p>\n<p>Dado que la cancelaci\u00f3n por parte del Cliente podr\u00eda resultar en una p\u00e9rdida de dinero, le recomendamos que contrate un Seguro de boda para su boda de destino en su pa\u00eds de origen.<\/p>\n<p>Tenerife Wedding Planners se reserva el derecho de cancelar las reservas del Cliente y dejar de trabajar en cualquier momento si lo consideramos necesario. Un reembolso puede ser aplicable en tales casos. Cualquier reembolso ser\u00e1 discrecional y sujeto a costos y gastos actualmente ocurridos hasta la fecha de cancelaci\u00f3n.<\/p>\n<h4>\u00abModificaciones del contrato\u00bb<\/h4>\n<p>Cualquier cambio o adici\u00f3n al contrato debe realizarse con el consentimiento por escrito tanto del Cliente como de Tenerife Wedding Planners utilizando nuestro formulario de Orden de cambio.<\/p>\n<p>Los acuerdos verbales no se considerar\u00e1n vinculantes.<\/p>\n<h4>\u00abResponsabilidad\u00bb<\/h4>\n<p>Tenerife Wedding Planners no ser\u00e1 responsable de ning\u00fan acto de la naturaleza u otras fuerzas fuera de su control que puedan afectar la entrega y\/o calidad de los servicios contratados entre Tenerife Wedding Planners y el &#8216;Cliente&#8217; o por la conducta o calidad de los bienes. y servicios prestados por terceros.<\/p>\n<p>Tenerife Wedding Planners y los proveedores externos se reservan el derecho de agregar, eliminar o modificar sus t\u00e9rminos y condiciones en cualquier momento seg\u00fan lo decidan los propietarios o las fuerzas del mercado externo.<\/p>\n<p>Cualquier aceptaci\u00f3n anterior del contrato se considera transferida a t\u00e9rminos y condiciones actualizados\/revisados cuando dicha actualizaci\u00f3n o visi\u00f3n no sea perjudicial para el contrato original.<\/p>\n<p>Cuando dichas actualizaciones o revisiones puedan afectar el acuerdo original, Tenerife Wedding Planners notificar\u00e1 al Cliente y cualquier cancelaci\u00f3n o reembolso resultante se revisar\u00e1 dentro de los t\u00e9rminos de cancelaci\u00f3n y reembolso mencionados en este documento.<\/p>\n<h4>\u00abPromoci\u00f3n de marketing\u00bb<\/h4>\n<p>Tenerife Wedding Planners puede desear compartir pensamientos, ideas y fotos en nuestro blog o sitios de redes sociales. Solicitamos que cualquier cliente que tenga objeciones a dicha promoci\u00f3n de marketing debe informar a Tenerife Wedding Planners lo antes posible.<\/p>\n<p>No mostramos im\u00e1genes de ni\u00f1os sin el permiso de los padres.<br>No damos ning\u00fan dato personal ni datos de contacto.<\/p>\n<p>Al reservar con nosotros y firmar un contrato o mediante el pago de su dep\u00f3sito y\/o tarifa, acepta los T\u00e9rminos y condiciones anteriores.<\/p>\n<p>Si tiene alguna pregunta, no dude en ponerse en contacto.<\/p>\n<h4>Cookies y Privacidad<\/h4>\n<p>Este sitio web utiliza cookies para garantizar que obtenga la mejor experiencia en nuestro sitio web. M\u00e1s informaci\u00f3n<\/p>\n<h4>Protecci\u00f3n de Datos<\/h4>\n<p>Tenerife Wedding Planners opera en pleno cumplimiento de las pol\u00edticas de protecci\u00f3n de datos del Reino Unido y la UE.<\/p>[\/et_pb_text][\/et_pb_column][\/et_pb_row][\/et_pb_section]\n","protected":false},"excerpt":{"rendered":"<p>T\u00e9rminos y condiciones \u201cTenerife Wedding Planners\u201d Significa la empresa denominada Tenerife Wedding Planners y todas aquellas personas que trabajan y son empleadas, retribuidas o no, por Tenerife Wedding Planners. \u201cEl cliente\u201d La persona\/pareja que contrata los servicios de Tenerife Wedding Planners y cuyo nombre figura en el contrato. Al reservar los servicios de Tenerife Wedding [&hellip;]<\/p>\n","protected":false},"author":1,"featured_media":0,"parent":0,"menu_order":0,"comment_status":"closed","ping_status":"closed","template":"","meta":{"_et_pb_use_builder":"on","_et_pb_old_content":"","_et_gb_content_width":"","footnotes":""},"class_list":["post-902","page","type-page","status-publish","hentry"],"yoast_head":"<!-- This site is optimized with the Yoast SEO plugin v27.3 - https:\/\/yoast.com\/product\/yoast-seo-wordpress\/ -->\n<title>T\u00e9rminos y condiciones - Tenerife Wedding Planners<\/title>\n<meta name=\"robots\" content=\"index, follow, max-snippet:-1, max-image-preview:large, max-video-preview:-1\" \/>\n<link rel=\"canonical\" href=\"https:\/\/tenerifeweddingplanners.com\/es\/terminos-y-condiciones\/\" \/>\n<meta property=\"og:locale\" content=\"es_ES\" \/>\n<meta property=\"og:type\" content=\"article\" \/>\n<meta property=\"og:title\" content=\"T\u00e9rminos y condiciones - Tenerife Wedding Planners\" \/>\n<meta property=\"og:description\" content=\"T\u00e9rminos y condiciones \u201cTenerife Wedding Planners\u201d Significa la empresa denominada Tenerife Wedding Planners y todas aquellas personas que trabajan y son empleadas, retribuidas o no, por Tenerife Wedding Planners. \u201cEl cliente\u201d La persona\/pareja que contrata los servicios de Tenerife Wedding Planners y cuyo nombre figura en el contrato. Al reservar los servicios de Tenerife Wedding [&hellip;]\" \/>\n<meta property=\"og:url\" content=\"https:\/\/tenerifeweddingplanners.com\/es\/terminos-y-condiciones\/\" \/>\n<meta property=\"og:site_name\" content=\"Tenerife Wedding Planners\" \/>\n<meta property=\"article:publisher\" content=\"https:\/\/www.facebook.com\/tenerifeweddingplanner\" \/>\n<meta property=\"article:modified_time\" content=\"2023-01-08T14:44:07+00:00\" \/>\n<meta name=\"twitter:card\" content=\"summary_large_image\" \/>\n<meta name=\"twitter:label1\" content=\"Tiempo de lectura\" \/>\n\t<meta name=\"twitter:data1\" content=\"6 minutos\" \/>\n<script type=\"application\/ld+json\" class=\"yoast-schema-graph\">{\"@context\":\"https:\\\/\\\/schema.org\",\"@graph\":[{\"@type\":\"WebPage\",\"@id\":\"https:\\\/\\\/tenerifeweddingplanners.com\\\/es\\\/terminos-y-condiciones\\\/\",\"url\":\"https:\\\/\\\/tenerifeweddingplanners.com\\\/es\\\/terminos-y-condiciones\\\/\",\"name\":\"T\u00e9rminos y condiciones - Tenerife Wedding Planners\",\"isPartOf\":{\"@id\":\"https:\\\/\\\/tenerifeweddingplanners.com\\\/es\\\/#website\"},\"datePublished\":\"2022-03-07T09:05:12+00:00\",\"dateModified\":\"2023-01-08T14:44:07+00:00\",\"breadcrumb\":{\"@id\":\"https:\\\/\\\/tenerifeweddingplanners.com\\\/es\\\/terminos-y-condiciones\\\/#breadcrumb\"},\"inLanguage\":\"es\",\"potentialAction\":[{\"@type\":\"ReadAction\",\"target\":[\"https:\\\/\\\/tenerifeweddingplanners.com\\\/es\\\/terminos-y-condiciones\\\/\"]}]},{\"@type\":\"BreadcrumbList\",\"@id\":\"https:\\\/\\\/tenerifeweddingplanners.com\\\/es\\\/terminos-y-condiciones\\\/#breadcrumb\",\"itemListElement\":[{\"@type\":\"ListItem\",\"position\":1,\"name\":\"Home\",\"item\":\"https:\\\/\\\/tenerifeweddingplanners.com\\\/es\\\/\"},{\"@type\":\"ListItem\",\"position\":2,\"name\":\"T\u00e9rminos y condiciones\"}]},{\"@type\":\"WebSite\",\"@id\":\"https:\\\/\\\/tenerifeweddingplanners.com\\\/es\\\/#website\",\"url\":\"https:\\\/\\\/tenerifeweddingplanners.com\\\/es\\\/\",\"name\":\"Tenerife Wedding Planners\",\"description\":\"Tenerife Wedding Planners\",\"publisher\":{\"@id\":\"https:\\\/\\\/tenerifeweddingplanners.com\\\/es\\\/#organization\"},\"potentialAction\":[{\"@type\":\"SearchAction\",\"target\":{\"@type\":\"EntryPoint\",\"urlTemplate\":\"https:\\\/\\\/tenerifeweddingplanners.com\\\/es\\\/?s={search_term_string}\"},\"query-input\":{\"@type\":\"PropertyValueSpecification\",\"valueRequired\":true,\"valueName\":\"search_term_string\"}}],\"inLanguage\":\"es\"},{\"@type\":\"Organization\",\"@id\":\"https:\\\/\\\/tenerifeweddingplanners.com\\\/es\\\/#organization\",\"name\":\"Tenerife Wedding Planners\",\"url\":\"https:\\\/\\\/tenerifeweddingplanners.com\\\/es\\\/\",\"logo\":{\"@type\":\"ImageObject\",\"inLanguage\":\"es\",\"@id\":\"https:\\\/\\\/tenerifeweddingplanners.com\\\/es\\\/#\\\/schema\\\/logo\\\/image\\\/\",\"url\":\"https:\\\/\\\/tenerifeweddingplanners.com\\\/wp-content\\\/uploads\\\/2022\\\/03\\\/logo-web.png\",\"contentUrl\":\"https:\\\/\\\/tenerifeweddingplanners.com\\\/wp-content\\\/uploads\\\/2022\\\/03\\\/logo-web.png\",\"width\":1203,\"height\":579,\"caption\":\"Tenerife Wedding Planners\"},\"image\":{\"@id\":\"https:\\\/\\\/tenerifeweddingplanners.com\\\/es\\\/#\\\/schema\\\/logo\\\/image\\\/\"},\"sameAs\":[\"https:\\\/\\\/www.facebook.com\\\/tenerifeweddingplanner\",\"https:\\\/\\\/www.instagram.com\\\/tenerifeweddingplanners\\\/\"]}]}<\/script>\n<!-- \/ Yoast SEO plugin. -->","yoast_head_json":{"title":"T\u00e9rminos y condiciones - Tenerife Wedding Planners","robots":{"index":"index","follow":"follow","max-snippet":"max-snippet:-1","max-image-preview":"max-image-preview:large","max-video-preview":"max-video-preview:-1"},"canonical":"https:\/\/tenerifeweddingplanners.com\/es\/terminos-y-condiciones\/","og_locale":"es_ES","og_type":"article","og_title":"T\u00e9rminos y condiciones - Tenerife Wedding Planners","og_description":"T\u00e9rminos y condiciones \u201cTenerife Wedding Planners\u201d Significa la empresa denominada Tenerife Wedding Planners y todas aquellas personas que trabajan y son empleadas, retribuidas o no, por Tenerife Wedding Planners. \u201cEl cliente\u201d La persona\/pareja que contrata los servicios de Tenerife Wedding Planners y cuyo nombre figura en el contrato. Al reservar los servicios de Tenerife Wedding [&hellip;]","og_url":"https:\/\/tenerifeweddingplanners.com\/es\/terminos-y-condiciones\/","og_site_name":"Tenerife Wedding Planners","article_publisher":"https:\/\/www.facebook.com\/tenerifeweddingplanner","article_modified_time":"2023-01-08T14:44:07+00:00","twitter_card":"summary_large_image","twitter_misc":{"Tiempo de lectura":"6 minutos"},"schema":{"@context":"https:\/\/schema.org","@graph":[{"@type":"WebPage","@id":"https:\/\/tenerifeweddingplanners.com\/es\/terminos-y-condiciones\/","url":"https:\/\/tenerifeweddingplanners.com\/es\/terminos-y-condiciones\/","name":"T\u00e9rminos y condiciones - Tenerife Wedding Planners","isPartOf":{"@id":"https:\/\/tenerifeweddingplanners.com\/es\/#website"},"datePublished":"2022-03-07T09:05:12+00:00","dateModified":"2023-01-08T14:44:07+00:00","breadcrumb":{"@id":"https:\/\/tenerifeweddingplanners.com\/es\/terminos-y-condiciones\/#breadcrumb"},"inLanguage":"es","potentialAction":[{"@type":"ReadAction","target":["https:\/\/tenerifeweddingplanners.com\/es\/terminos-y-condiciones\/"]}]},{"@type":"BreadcrumbList","@id":"https:\/\/tenerifeweddingplanners.com\/es\/terminos-y-condiciones\/#breadcrumb","itemListElement":[{"@type":"ListItem","position":1,"name":"Home","item":"https:\/\/tenerifeweddingplanners.com\/es\/"},{"@type":"ListItem","position":2,"name":"T\u00e9rminos y condiciones"}]},{"@type":"WebSite","@id":"https:\/\/tenerifeweddingplanners.com\/es\/#website","url":"https:\/\/tenerifeweddingplanners.com\/es\/","name":"Tenerife Wedding Planners","description":"Tenerife Wedding Planners","publisher":{"@id":"https:\/\/tenerifeweddingplanners.com\/es\/#organization"},"potentialAction":[{"@type":"SearchAction","target":{"@type":"EntryPoint","urlTemplate":"https:\/\/tenerifeweddingplanners.com\/es\/?s={search_term_string}"},"query-input":{"@type":"PropertyValueSpecification","valueRequired":true,"valueName":"search_term_string"}}],"inLanguage":"es"},{"@type":"Organization","@id":"https:\/\/tenerifeweddingplanners.com\/es\/#organization","name":"Tenerife Wedding Planners","url":"https:\/\/tenerifeweddingplanners.com\/es\/","logo":{"@type":"ImageObject","inLanguage":"es","@id":"https:\/\/tenerifeweddingplanners.com\/es\/#\/schema\/logo\/image\/","url":"https:\/\/tenerifeweddingplanners.com\/wp-content\/uploads\/2022\/03\/logo-web.png","contentUrl":"https:\/\/tenerifeweddingplanners.com\/wp-content\/uploads\/2022\/03\/logo-web.png","width":1203,"height":579,"caption":"Tenerife Wedding Planners"},"image":{"@id":"https:\/\/tenerifeweddingplanners.com\/es\/#\/schema\/logo\/image\/"},"sameAs":["https:\/\/www.facebook.com\/tenerifeweddingplanner","https:\/\/www.instagram.com\/tenerifeweddingplanners\/"]}]}},"_links":{"self":[{"href":"https:\/\/tenerifeweddingplanners.com\/es\/wp-json\/wp\/v2\/pages\/902","targetHints":{"allow":["GET"]}}],"collection":[{"href":"https:\/\/tenerifeweddingplanners.com\/es\/wp-json\/wp\/v2\/pages"}],"about":[{"href":"https:\/\/tenerifeweddingplanners.com\/es\/wp-json\/wp\/v2\/types\/page"}],"author":[{"embeddable":true,"href":"https:\/\/tenerifeweddingplanners.com\/es\/wp-json\/wp\/v2\/users\/1"}],"replies":[{"embeddable":true,"href":"https:\/\/tenerifeweddingplanners.com\/es\/wp-json\/wp\/v2\/comments?post=902"}],"version-history":[{"count":1,"href":"https:\/\/tenerifeweddingplanners.com\/es\/wp-json\/wp\/v2\/pages\/902\/revisions"}],"predecessor-version":[{"id":903,"href":"https:\/\/tenerifeweddingplanners.com\/es\/wp-json\/wp\/v2\/pages\/902\/revisions\/903"}],"wp:attachment":[{"href":"https:\/\/tenerifeweddingplanners.com\/es\/wp-json\/wp\/v2\/media?parent=902"}],"curies":[{"name":"wp","href":"https:\/\/api.w.org\/{rel}","templated":true}]}}