{"id":893,"date":"2022-03-02T21:03:42","date_gmt":"2022-03-02T21:03:42","guid":{"rendered":"https:\/\/tenerifeweddingplanners.com\/nuestros-lugares-para-bodas\/"},"modified":"2023-01-08T15:03:24","modified_gmt":"2023-01-08T15:03:24","slug":"nuestros-lugares-para-bodas","status":"publish","type":"page","link":"https:\/\/tenerifeweddingplanners.com\/es\/nuestros-lugares-para-bodas\/","title":{"rendered":"Nuestros lugares para bodas"},"content":{"rendered":"<p>[et_pb_section fb_built=\u00bb1&#8243; custom_padding_last_edited=\u00bbon|tablet\u00bb admin_label=\u00bbHero\u00bb _builder_version=\u00bb4.16&#8243; use_background_color_gradient=\u00bbon\u00bb background_color_gradient_direction=\u00bb90deg\u00bb background_color_gradient_stops=\u00bb#F0EDEE 65%|#F9F6F5 65%\u00bb background_color_gradient_start=\u00bb#F0EDEE\u00bb background_color_gradient_start_position=\u00bb65%\u00bb background_color_gradient_end=\u00bb#F9F6F5&#8243; background_color_gradient_end_position=\u00bb0%\u00bb custom_margin=\u00bb|||\u00bb custom_padding=\u00bb6vw|0px|0px|0px|false|false\u00bb custom_padding_tablet=\u00bb0vw|||\u00bb custom_padding_phone=\u00bb\u00bb global_colors_info=\u00bb{}\u00bb][et_pb_row column_structure=\u00bb1_2,1_2&#8243; make_equal=\u00bbon\u00bb disabled_on=\u00bboff|off|off\u00bb _builder_version=\u00bb4.16&#8243; width=\u00bb100%\u00bb max_width=\u00bb100%\u00bb custom_padding=\u00bb0px|0px|0px|0px|true|true\u00bb use_custom_width=\u00bbon\u00bb width_unit=\u00bboff\u00bb custom_width_percent=\u00bb100%\u00bb global_colors_info=\u00bb{}\u00bb][et_pb_column type=\u00bb1_2&#8243; _builder_version=\u00bb4.16&#8243; background_color_gradient_direction=\u00bb30deg\u00bb background_color_gradient_start=\u00bbrgba(222,213,216,0.1)\u00bb background_color_gradient_end=\u00bbrgba(222,213,216,0.7)\u00bb background_image=\u00bbhttps:\/\/tenerifeweddingplanners.com\/wp-content\/uploads\/2022\/03\/tenerife-playa-del-duque.jpg\u00bb custom_padding=\u00bb|||\u00bb global_colors_info=\u00bb{}\u00bb custom_padding__hover=\u00bb|||\u00bb][et_pb_divider show_divider=\u00bboff\u00bb _builder_version=\u00bb4.16.0&#8243; height=\u00bb20vw\u00bb height_tablet=\u00bb60vw\u00bb height_phone=\u00bb60vw\u00bb height_last_edited=\u00bbon|phone\u00bb global_colors_info=\u00bb{}\u00bb][\/et_pb_divider][\/et_pb_column][et_pb_column type=\u00bb1_2&#8243; _builder_version=\u00bb4.16&#8243; custom_padding=\u00bb10vw||10vw|\u00bb custom_padding_tablet=\u00bb|10%||10%||true\u00bb custom_padding_phone=\u00bb|10%||10%||true\u00bb custom_padding_last_edited=\u00bbon|tablet\u00bb global_colors_info=\u00bb{}\u00bb padding_tablet=\u00bb|10%||10%||true\u00bb padding_last_edited=\u00bbon|tablet\u00bb custom_padding__hover=\u00bb|||\u00bb padding_phone=\u00bb|10%||10%||true\u00bb][et_pb_text _builder_version=\u00bb4.16.0&#8243; text_font=\u00bb||||||||\u00bb text_font_size=\u00bb16px\u00bb text_line_height=\u00bb2em\u00bb header_font=\u00bb|500||on|||||\u00bb header_font_size=\u00bb4vw\u00bb header_letter_spacing=\u00bb0.05em\u00bb header_line_height=\u00bb1.2em\u00bb header_5_font=\u00bb|700||on|||||\u00bb header_5_text_color=\u00bb#d39b86&#8243; header_5_font_size=\u00bb26px\u00bb header_5_letter_spacing=\u00bb10px\u00bb header_5_line_height=\u00bb1.4em\u00bb header_6_font=\u00bb|700||on|||||\u00bb header_6_text_color=\u00bb#d39b86&#8243; header_6_font_size=\u00bb16px\u00bb header_6_letter_spacing=\u00bb5px\u00bb header_6_line_height=\u00bb1.5em\u00bb custom_margin=\u00bb||10vw|10vw|false|false\u00bb custom_margin_tablet=\u00bb|0%||0%||true\u00bb custom_margin_phone=\u00bb|||\u00bb custom_margin_last_edited=\u00bbon|tablet\u00bb custom_padding=\u00bb|||\u00bb custom_padding_last_edited=\u00bboff|desktop\u00bb animation_style=\u00bbslide\u00bb animation_direction=\u00bbleft\u00bb animation_intensity_slide=\u00bb2%\u00bb header_font_size_tablet=\u00bb70px\u00bb header_font_size_phone=\u00bb40px\u00bb header_font_size_last_edited=\u00bbon|desktop\u00bb header_line_height_tablet=\u00bb\u00bb header_line_height_phone=\u00bb1.5em\u00bb header_line_height_last_edited=\u00bbon|phone\u00bb header_5_font_size_tablet=\u00bb\u00bb header_5_font_size_phone=\u00bb18px\u00bb header_5_font_size_last_edited=\u00bbon|phone\u00bb locked=\u00bboff\u00bb global_colors_info=\u00bb{}\u00bb]<\/p>\n<h5>ENCUENTREN<\/h5>\n<h1>de VUESTROS SUE\u00d1OS<br \/>de la boda<br \/>el lugar<\/h1>\n<h5>CLIMA INSUPERABLE DURANTE TODO EL A\u00d1O<\/h5>\n<p>[\/et_pb_text][\/et_pb_column][\/et_pb_row][\/et_pb_section][et_pb_section fb_built=\u00bb1&#8243; _builder_version=\u00bb4.16&#8243; _module_preset=\u00bbdefault\u00bb global_colors_info=\u00bb{}\u00bb][et_pb_row column_structure=\u00bb1_2,1_2&#8243; _builder_version=\u00bb4.16&#8243; _module_preset=\u00bbdefault\u00bb global_colors_info=\u00bb{}\u00bb][et_pb_column type=\u00bb1_2&#8243; _builder_version=\u00bb4.16&#8243; _module_preset=\u00bbdefault\u00bb global_colors_info=\u00bb{}\u00bb][et_pb_text _builder_version=\u00bb4.16&#8243; _module_preset=\u00bbdefault\u00bb header_2_font=\u00bb|||on|||||\u00bb header_2_text_color=\u00bb#333333&#8243; header_2_font_size=\u00bb37px\u00bb animation_style=\u00bbfade\u00bb global_colors_info=\u00bb{}\u00bb]<\/p>\n<h2>LUGARES PARA BODAS<\/h2>\n<p>[\/et_pb_text][et_pb_text _builder_version=\u00bb4.16&#8243; _module_preset=\u00bbdefault\u00bb header_3_text_color=\u00bb#d39b86&#8243; header_3_line_height=\u00bb2em\u00bb animation_style=\u00bbfade\u00bb global_colors_info=\u00bb{}\u00bb]<\/p>\n<h3><span><strong>Tenerife<\/strong> es quiz\u00e1s m\u00e1s conocida por su insuperable clima durante todo el a\u00f1o, por lo que las bodas y eventos en Tenerife son una opci\u00f3n muy popular.<\/span><\/h3>\n<h3><span>En Tenerife Wedding Planners, ofrecemos una colecci\u00f3n excepcional de lugares fant\u00e1sticos, perfectos para disfrutar del clima c\u00e1lido de Tenerife, las espectaculares vistas al mar y el paisaje.<\/span><\/h3>\n<p>[\/et_pb_text][\/et_pb_column][et_pb_column type=\u00bb1_2&#8243; _builder_version=\u00bb4.16&#8243; _module_preset=\u00bbdefault\u00bb global_colors_info=\u00bb{}\u00bb][et_pb_text _builder_version=\u00bb4.16&#8243; _module_preset=\u00bbdefault\u00bb animation_style=\u00bbfade\u00bb global_colors_info=\u00bb{}\u00bb]<\/p>\n<p>Entendemos perfectamente la importancia de encontrar el <strong>lugar<\/strong> perfecto para vuestra <strong>Boda<\/strong> o evento en <strong>Tenerife<\/strong><\/p>\n<p><strong>Tenerife Wedding Planners<\/strong> les ayudar\u00e1 a elegir el lugar perfecto en funci\u00f3n de vuestros gustos, presupuesto y tama\u00f1o del grupo.<\/p>\n<p>Ya sea que busquen una <strong>ceremonia sencilla e \u00edntima<\/strong> para <strong>ustedes<\/strong> <strong>dos<\/strong> o una boda a gran escala llena de <strong>cuentos de hadas<\/strong>, encontrar\u00e1n el <strong>lugar<\/strong> perfecto en <strong>Tenerife<\/strong>.<\/p>\n<p>Pueden elegir entre un entorno <strong>rural<\/strong> en una <strong>finca canaria r\u00fastica<\/strong> (casa de campo) con vistas a la <strong>monta\u00f1a<\/strong> y <strong>al mar<\/strong>, impresionantes <strong>villas<\/strong>, impresionantes <strong>clubes<\/strong> <strong>de playa<\/strong>, una variedad de <strong>hoteles<\/strong> y <strong>complejos hoteleros<\/strong> lujosos para todos los <strong>presupuestos<\/strong>.<\/p>\n<p><strong>Tenerife<\/strong> tiene hermosas <strong>iglesias<\/strong> para todas las denominaciones, incluidas <strong>cristianas<\/strong>, <strong>anglicanas<\/strong> y <strong>cat\u00f3licas<\/strong>. Si uno de ustedes es de fe cat\u00f3lica y no est\u00e1 divorciado, puede celebrar una <strong>ceremonia de boda legal<\/strong> dentro de la <strong>iglesia cat\u00f3lica.<\/strong><\/p>\n<p>Si est\u00e1n buscando algo un poco diferente, \u00bfpor qu\u00e9 no <strong>alquilar<\/strong> uno de nuestros hermosos <strong>yates<\/strong> para su ocasi\u00f3n especial? Tendr\u00e1n un capit\u00e1n personal a bordo del <strong>yate<\/strong> y se preparar\u00e1n alimentos y bebidas frescos especialmente para ustedes.<\/p>\n<p>Para ayudar a <strong>ofrecerles un servicio<\/strong> <strong>personalizado<\/strong>, tambi\u00e9n ofrecemos un servicio de <strong>\u00abVisualizaci\u00f3n de lugares\u00bb<\/strong> si hay un <strong>lugar<\/strong> que les interesa y que actualmente no est\u00e1 en nuestra cartera de lugares.<\/p>\n<p>Tal vez quieran hacer algo totalmente diferente; <strong>proponer<\/strong> mientras vuelan en <strong>parapente<\/strong>?<\/p>\n<p>Podemos intentar acomodar todas las ideas para vuestro d\u00eda especial.<\/p>\n<p>[\/et_pb_text][\/et_pb_column][\/et_pb_row][\/et_pb_section][et_pb_section fb_built=\u00bb1&#8243; fullwidth=\u00bbon\u00bb _builder_version=\u00bb4.16&#8243; _module_preset=\u00bbdefault\u00bb global_colors_info=\u00bb{}\u00bb][et_pb_nextend_smart_slider_3_fullwidth slider=\u00bb2&#8243; _builder_version=\u00bb4.19.4&#8243; _module_preset=\u00bbdefault\u00bb global_colors_info=\u00bb{}\u00bb hover_enabled=\u00bb0&#8243; sticky_enabled=\u00bb0&#8243;][\/et_pb_nextend_smart_slider_3_fullwidth][\/et_pb_section][et_pb_section fb_built=\u00bb1&#8243; disabled_on=\u00bbon|on|on\u00bb admin_label=\u00bbGallery\u00bb _builder_version=\u00bb4.16&#8243; background_image=\u00bbhttps:\/\/tenerifeweddingplanners.com\/wp-content\/uploads\/2022\/03\/wedding-planner-20.jpg\u00bb custom_padding=\u00bb140px|0px|140px|0px|false|false\u00bb disabled=\u00bbon\u00bb global_colors_info=\u00bb{}\u00bb][et_pb_row _builder_version=\u00bb4.16&#8243; global_colors_info=\u00bb{}\u00bb][et_pb_column type=\u00bb4_4&#8243; _builder_version=\u00bb4.16&#8243; custom_padding=\u00bb|||\u00bb global_colors_info=\u00bb{}\u00bb custom_padding__hover=\u00bb|||\u00bb][et_pb_text _builder_version=\u00bb4.16&#8243; text_font=\u00bb||||||||\u00bb header_font=\u00bb||||||||\u00bb header_2_font=\u00bbOswald|500||on|||||\u00bb header_2_text_align=\u00bbcenter\u00bb header_2_font_size=\u00bb60px\u00bb header_2_letter_spacing=\u00bb2px\u00bb header_2_line_height=\u00bb1.5em\u00bb header_5_font=\u00bbOswald|||on|||||\u00bb header_5_text_color=\u00bb#898ea2&#8243; header_5_font_size=\u00bb18px\u00bb header_5_letter_spacing=\u00bb3px\u00bb header_5_line_height=\u00bb1.5em\u00bb text_orientation=\u00bbcenter\u00bb background_layout=\u00bbdark\u00bb max_width=\u00bb800px\u00bb module_alignment=\u00bbcenter\u00bb header_2_font_size_tablet=\u00bb60px\u00bb header_2_font_size_phone=\u00bb30px\u00bb header_2_font_size_last_edited=\u00bbon|phone\u00bb header_5_line_height_last_edited=\u00bboff|desktop\u00bb locked=\u00bboff\u00bb global_colors_info=\u00bb{}\u00bb]<\/p>\n<h5>Portfolio<\/h5>\n<h2>Galeria de bodas<\/h2>\n<p>[\/et_pb_text][et_pb_button button_text=\u00bbVer trabajo reciente\u00bb button_alignment=\u00bbcenter\u00bb _builder_version=\u00bb4.16&#8243; custom_button=\u00bbon\u00bb button_text_size=\u00bb14px\u00bb button_text_color=\u00bb#b77593&#8243; button_bg_color=\u00bb#ffffff\u00bb button_border_width=\u00bb12px\u00bb button_border_color=\u00bb#ffffff\u00bb button_border_radius=\u00bb0px\u00bb button_letter_spacing=\u00bb5px\u00bb button_font=\u00bbRoboto|700||on|||||\u00bb custom_margin=\u00bb|||\u00bb custom_margin_tablet=\u00bb30px|||\u00bb custom_margin_phone=\u00bb|||\u00bb custom_margin_last_edited=\u00bboff|desktop\u00bb custom_padding=\u00bb|||\u00bb locked=\u00bboff\u00bb global_colors_info=\u00bb{}\u00bb button_text_size__hover_enabled=\u00bboff\u00bb button_one_text_size__hover_enabled=\u00bboff\u00bb button_two_text_size__hover_enabled=\u00bboff\u00bb button_text_color__hover_enabled=\u00bboff\u00bb button_one_text_color__hover_enabled=\u00bboff\u00bb button_two_text_color__hover_enabled=\u00bboff\u00bb button_border_width__hover_enabled=\u00bboff\u00bb button_one_border_width__hover_enabled=\u00bboff\u00bb button_two_border_width__hover_enabled=\u00bboff\u00bb button_border_color__hover_enabled=\u00bboff\u00bb button_one_border_color__hover_enabled=\u00bboff\u00bb button_two_border_color__hover_enabled=\u00bboff\u00bb button_border_radius__hover_enabled=\u00bboff\u00bb button_one_border_radius__hover_enabled=\u00bboff\u00bb button_two_border_radius__hover_enabled=\u00bboff\u00bb button_letter_spacing__hover_enabled=\u00bboff\u00bb button_one_letter_spacing__hover_enabled=\u00bboff\u00bb button_two_letter_spacing__hover_enabled=\u00bboff\u00bb button_bg_color__hover_enabled=\u00bboff\u00bb button_one_bg_color__hover_enabled=\u00bboff\u00bb button_two_bg_color__hover_enabled=\u00bboff\u00bb][\/et_pb_button][\/et_pb_column][\/et_pb_row][\/et_pb_section][et_pb_section fb_built=\u00bb1&#8243; _builder_version=\u00bb4.16&#8243; _module_preset=\u00bbdefault\u00bb global_colors_info=\u00bb{}\u00bb][et_pb_row _builder_version=\u00bb4.16&#8243; _module_preset=\u00bbdefault\u00bb global_colors_info=\u00bb{}\u00bb][et_pb_column type=\u00bb4_4&#8243; _builder_version=\u00bb4.16&#8243; _module_preset=\u00bbdefault\u00bb global_colors_info=\u00bb{}\u00bb][et_pb_text _builder_version=\u00bb4.16&#8243; _module_preset=\u00bbdefault\u00bb header_2_font=\u00bb|||on|||||\u00bb header_2_text_color=\u00bb#333333&#8243; header_2_font_size=\u00bb35px\u00bb header_2_line_height=\u00bb2.3em\u00bb text_orientation=\u00bbcenter\u00bb max_width=\u00bb100%\u00bb module_alignment=\u00bbcenter\u00bb global_colors_info=\u00bb{}\u00bb]<\/p>\n<h2>\u00bfQUER\u00c9IS EMPEZAR A PLANIFICAR AHORA?<\/h2>\n<p>Ese breve paseo por el pasillo comienza con un peque\u00f1o paso.<\/p>\n<p>Vuestro primer paso es comenzar el proceso de planificaci\u00f3n y tan pronto como sea posible.<\/p>\n<p>Queremos caminar con ustedes, en cada paso del trayecto.<\/p>\n<p>[\/et_pb_text][et_pb_button button_url=\u00bbhttps:\/\/tenerifeweddingplanners.com\/contact\/#contact-form\u00bb button_text=\u00bbCONT\u00c1CTENOS\u00bb button_alignment=\u00bbcenter\u00bb _builder_version=\u00bb4.16&#8243; custom_button=\u00bbon\u00bb button_text_size=\u00bb14px\u00bb button_text_color=\u00bb#ffffff\u00bb button_bg_color=\u00bb#d39b86&#8243; button_border_width=\u00bb12px\u00bb button_border_color=\u00bb#d39b86&#8243; button_border_radius=\u00bb0px\u00bb button_letter_spacing=\u00bb5px\u00bb button_font=\u00bbRoboto|700||on|||||\u00bb custom_margin=\u00bb|||\u00bb custom_margin_tablet=\u00bb30px|||\u00bb custom_margin_phone=\u00bb|||\u00bb custom_margin_last_edited=\u00bboff|desktop\u00bb custom_padding=\u00bb|||\u00bb animation_style=\u00bbslide\u00bb animation_direction=\u00bbright\u00bb animation_intensity_slide=\u00bb20%\u00bb button_text_color_hover=\u00bb#ffffff\u00bb button_border_color_hover=\u00bb#c9b7bd\u00bb button_bg_color_hover=\u00bb#c9b7bd\u00bb locked=\u00bboff\u00bb global_colors_info=\u00bb{}\u00bb button_text_size__hover_enabled=\u00bboff\u00bb button_one_text_size__hover_enabled=\u00bboff\u00bb button_two_text_size__hover_enabled=\u00bboff\u00bb button_text_color__hover_enabled=\u00bbon\u00bb button_text_color__hover=\u00bb#ffffff\u00bb button_one_text_color__hover_enabled=\u00bboff\u00bb button_two_text_color__hover_enabled=\u00bboff\u00bb button_border_width__hover_enabled=\u00bboff\u00bb button_one_border_width__hover_enabled=\u00bboff\u00bb button_two_border_width__hover_enabled=\u00bboff\u00bb button_border_color__hover_enabled=\u00bbon\u00bb button_border_color__hover=\u00bb#c9b7bd\u00bb button_one_border_color__hover_enabled=\u00bboff\u00bb button_two_border_color__hover_enabled=\u00bboff\u00bb button_border_radius__hover_enabled=\u00bboff\u00bb button_one_border_radius__hover_enabled=\u00bboff\u00bb button_two_border_radius__hover_enabled=\u00bboff\u00bb button_letter_spacing__hover_enabled=\u00bboff\u00bb button_one_letter_spacing__hover_enabled=\u00bboff\u00bb button_two_letter_spacing__hover_enabled=\u00bboff\u00bb button_bg_color__hover_enabled=\u00bbon\u00bb button_bg_color__hover=\u00bb#c9b7bd\u00bb button_one_bg_color__hover_enabled=\u00bboff\u00bb button_two_bg_color__hover_enabled=\u00bboff\u00bb][\/et_pb_button][\/et_pb_column][\/et_pb_row][\/et_pb_section]<\/p>\n","protected":false},"excerpt":{"rendered":"<p>ENCUENTREN de VUESTROS SUE\u00d1OSde la bodael lugar CLIMA INSUPERABLE DURANTE TODO EL A\u00d1OLUGARES PARA BODASTenerife es quiz\u00e1s m\u00e1s conocida por su insuperable clima durante todo el a\u00f1o, por lo que las bodas y eventos en Tenerife son una opci\u00f3n muy popular. En Tenerife Wedding Planners, ofrecemos una colecci\u00f3n excepcional de lugares fant\u00e1sticos, perfectos para disfrutar [&hellip;]<\/p>\n","protected":false},"author":1,"featured_media":0,"parent":0,"menu_order":0,"comment_status":"closed","ping_status":"closed","template":"","meta":{"_et_pb_use_builder":"on","_et_pb_old_content":"","_et_gb_content_width":"","footnotes":""},"class_list":["post-893","page","type-page","status-publish","hentry"],"yoast_head":"<!-- This site is optimized with the Yoast SEO plugin v27.3 - https:\/\/yoast.com\/product\/yoast-seo-wordpress\/ -->\n<title>Nuestros lugares para bodas - Tenerife Wedding Planners<\/title>\n<meta name=\"description\" content=\"Encuentre el lugar de su boda de sus sue\u00f1os en Tenerife con su clima inmejorable durante todo el a\u00f1o y lugares excepcionales para celebrar su boda\" \/>\n<meta name=\"robots\" content=\"index, follow, max-snippet:-1, max-image-preview:large, max-video-preview:-1\" \/>\n<link rel=\"canonical\" href=\"https:\/\/tenerifeweddingplanners.com\/es\/nuestros-lugares-para-bodas\/\" \/>\n<meta property=\"og:locale\" content=\"es_ES\" \/>\n<meta property=\"og:type\" content=\"article\" \/>\n<meta property=\"og:title\" content=\"Nuestros lugares para bodas - Tenerife Wedding Planners\" \/>\n<meta property=\"og:description\" content=\"Encuentre el lugar de su boda de sus sue\u00f1os en Tenerife con su clima inmejorable durante todo el a\u00f1o y lugares excepcionales para celebrar su boda\" \/>\n<meta property=\"og:url\" content=\"https:\/\/tenerifeweddingplanners.com\/es\/nuestros-lugares-para-bodas\/\" \/>\n<meta property=\"og:site_name\" content=\"Tenerife Wedding Planners\" \/>\n<meta property=\"article:publisher\" content=\"https:\/\/www.facebook.com\/tenerifeweddingplanner\" \/>\n<meta property=\"article:modified_time\" content=\"2023-01-08T15:03:24+00:00\" \/>\n<meta name=\"twitter:card\" content=\"summary_large_image\" \/>\n<meta name=\"twitter:label1\" content=\"Tiempo de lectura\" \/>\n\t<meta name=\"twitter:data1\" content=\"8 minutos\" \/>\n<script type=\"application\/ld+json\" class=\"yoast-schema-graph\">{\"@context\":\"https:\\\/\\\/schema.org\",\"@graph\":[{\"@type\":\"WebPage\",\"@id\":\"https:\\\/\\\/tenerifeweddingplanners.com\\\/es\\\/nuestros-lugares-para-bodas\\\/\",\"url\":\"https:\\\/\\\/tenerifeweddingplanners.com\\\/es\\\/nuestros-lugares-para-bodas\\\/\",\"name\":\"Nuestros lugares para bodas - Tenerife Wedding Planners\",\"isPartOf\":{\"@id\":\"https:\\\/\\\/tenerifeweddingplanners.com\\\/es\\\/#website\"},\"datePublished\":\"2022-03-02T21:03:42+00:00\",\"dateModified\":\"2023-01-08T15:03:24+00:00\",\"description\":\"Encuentre el lugar de su boda de sus sue\u00f1os en Tenerife con su clima inmejorable durante todo el a\u00f1o y lugares excepcionales para celebrar su boda\",\"breadcrumb\":{\"@id\":\"https:\\\/\\\/tenerifeweddingplanners.com\\\/es\\\/nuestros-lugares-para-bodas\\\/#breadcrumb\"},\"inLanguage\":\"es\",\"potentialAction\":[{\"@type\":\"ReadAction\",\"target\":[\"https:\\\/\\\/tenerifeweddingplanners.com\\\/es\\\/nuestros-lugares-para-bodas\\\/\"]}]},{\"@type\":\"BreadcrumbList\",\"@id\":\"https:\\\/\\\/tenerifeweddingplanners.com\\\/es\\\/nuestros-lugares-para-bodas\\\/#breadcrumb\",\"itemListElement\":[{\"@type\":\"ListItem\",\"position\":1,\"name\":\"Home\",\"item\":\"https:\\\/\\\/tenerifeweddingplanners.com\\\/es\\\/\"},{\"@type\":\"ListItem\",\"position\":2,\"name\":\"Nuestros lugares para bodas\"}]},{\"@type\":\"WebSite\",\"@id\":\"https:\\\/\\\/tenerifeweddingplanners.com\\\/es\\\/#website\",\"url\":\"https:\\\/\\\/tenerifeweddingplanners.com\\\/es\\\/\",\"name\":\"Tenerife Wedding Planners\",\"description\":\"Tenerife Wedding Planners\",\"publisher\":{\"@id\":\"https:\\\/\\\/tenerifeweddingplanners.com\\\/es\\\/#organization\"},\"potentialAction\":[{\"@type\":\"SearchAction\",\"target\":{\"@type\":\"EntryPoint\",\"urlTemplate\":\"https:\\\/\\\/tenerifeweddingplanners.com\\\/es\\\/?s={search_term_string}\"},\"query-input\":{\"@type\":\"PropertyValueSpecification\",\"valueRequired\":true,\"valueName\":\"search_term_string\"}}],\"inLanguage\":\"es\"},{\"@type\":\"Organization\",\"@id\":\"https:\\\/\\\/tenerifeweddingplanners.com\\\/es\\\/#organization\",\"name\":\"Tenerife Wedding Planners\",\"url\":\"https:\\\/\\\/tenerifeweddingplanners.com\\\/es\\\/\",\"logo\":{\"@type\":\"ImageObject\",\"inLanguage\":\"es\",\"@id\":\"https:\\\/\\\/tenerifeweddingplanners.com\\\/es\\\/#\\\/schema\\\/logo\\\/image\\\/\",\"url\":\"https:\\\/\\\/tenerifeweddingplanners.com\\\/wp-content\\\/uploads\\\/2022\\\/03\\\/logo-web.png\",\"contentUrl\":\"https:\\\/\\\/tenerifeweddingplanners.com\\\/wp-content\\\/uploads\\\/2022\\\/03\\\/logo-web.png\",\"width\":1203,\"height\":579,\"caption\":\"Tenerife Wedding Planners\"},\"image\":{\"@id\":\"https:\\\/\\\/tenerifeweddingplanners.com\\\/es\\\/#\\\/schema\\\/logo\\\/image\\\/\"},\"sameAs\":[\"https:\\\/\\\/www.facebook.com\\\/tenerifeweddingplanner\",\"https:\\\/\\\/www.instagram.com\\\/tenerifeweddingplanners\\\/\"]}]}<\/script>\n<!-- \/ Yoast SEO plugin. -->","yoast_head_json":{"title":"Nuestros lugares para bodas - Tenerife Wedding Planners","description":"Encuentre el lugar de su boda de sus sue\u00f1os en Tenerife con su clima inmejorable durante todo el a\u00f1o y lugares excepcionales para celebrar su boda","robots":{"index":"index","follow":"follow","max-snippet":"max-snippet:-1","max-image-preview":"max-image-preview:large","max-video-preview":"max-video-preview:-1"},"canonical":"https:\/\/tenerifeweddingplanners.com\/es\/nuestros-lugares-para-bodas\/","og_locale":"es_ES","og_type":"article","og_title":"Nuestros lugares para bodas - Tenerife Wedding Planners","og_description":"Encuentre el lugar de su boda de sus sue\u00f1os en Tenerife con su clima inmejorable durante todo el a\u00f1o y lugares excepcionales para celebrar su boda","og_url":"https:\/\/tenerifeweddingplanners.com\/es\/nuestros-lugares-para-bodas\/","og_site_name":"Tenerife Wedding Planners","article_publisher":"https:\/\/www.facebook.com\/tenerifeweddingplanner","article_modified_time":"2023-01-08T15:03:24+00:00","twitter_card":"summary_large_image","twitter_misc":{"Tiempo de lectura":"8 minutos"},"schema":{"@context":"https:\/\/schema.org","@graph":[{"@type":"WebPage","@id":"https:\/\/tenerifeweddingplanners.com\/es\/nuestros-lugares-para-bodas\/","url":"https:\/\/tenerifeweddingplanners.com\/es\/nuestros-lugares-para-bodas\/","name":"Nuestros lugares para bodas - Tenerife Wedding Planners","isPartOf":{"@id":"https:\/\/tenerifeweddingplanners.com\/es\/#website"},"datePublished":"2022-03-02T21:03:42+00:00","dateModified":"2023-01-08T15:03:24+00:00","description":"Encuentre el lugar de su boda de sus sue\u00f1os en Tenerife con su clima inmejorable durante todo el a\u00f1o y lugares excepcionales para celebrar su boda","breadcrumb":{"@id":"https:\/\/tenerifeweddingplanners.com\/es\/nuestros-lugares-para-bodas\/#breadcrumb"},"inLanguage":"es","potentialAction":[{"@type":"ReadAction","target":["https:\/\/tenerifeweddingplanners.com\/es\/nuestros-lugares-para-bodas\/"]}]},{"@type":"BreadcrumbList","@id":"https:\/\/tenerifeweddingplanners.com\/es\/nuestros-lugares-para-bodas\/#breadcrumb","itemListElement":[{"@type":"ListItem","position":1,"name":"Home","item":"https:\/\/tenerifeweddingplanners.com\/es\/"},{"@type":"ListItem","position":2,"name":"Nuestros lugares para bodas"}]},{"@type":"WebSite","@id":"https:\/\/tenerifeweddingplanners.com\/es\/#website","url":"https:\/\/tenerifeweddingplanners.com\/es\/","name":"Tenerife Wedding Planners","description":"Tenerife Wedding Planners","publisher":{"@id":"https:\/\/tenerifeweddingplanners.com\/es\/#organization"},"potentialAction":[{"@type":"SearchAction","target":{"@type":"EntryPoint","urlTemplate":"https:\/\/tenerifeweddingplanners.com\/es\/?s={search_term_string}"},"query-input":{"@type":"PropertyValueSpecification","valueRequired":true,"valueName":"search_term_string"}}],"inLanguage":"es"},{"@type":"Organization","@id":"https:\/\/tenerifeweddingplanners.com\/es\/#organization","name":"Tenerife Wedding Planners","url":"https:\/\/tenerifeweddingplanners.com\/es\/","logo":{"@type":"ImageObject","inLanguage":"es","@id":"https:\/\/tenerifeweddingplanners.com\/es\/#\/schema\/logo\/image\/","url":"https:\/\/tenerifeweddingplanners.com\/wp-content\/uploads\/2022\/03\/logo-web.png","contentUrl":"https:\/\/tenerifeweddingplanners.com\/wp-content\/uploads\/2022\/03\/logo-web.png","width":1203,"height":579,"caption":"Tenerife Wedding Planners"},"image":{"@id":"https:\/\/tenerifeweddingplanners.com\/es\/#\/schema\/logo\/image\/"},"sameAs":["https:\/\/www.facebook.com\/tenerifeweddingplanner","https:\/\/www.instagram.com\/tenerifeweddingplanners\/"]}]}},"_links":{"self":[{"href":"https:\/\/tenerifeweddingplanners.com\/es\/wp-json\/wp\/v2\/pages\/893","targetHints":{"allow":["GET"]}}],"collection":[{"href":"https:\/\/tenerifeweddingplanners.com\/es\/wp-json\/wp\/v2\/pages"}],"about":[{"href":"https:\/\/tenerifeweddingplanners.com\/es\/wp-json\/wp\/v2\/types\/page"}],"author":[{"embeddable":true,"href":"https:\/\/tenerifeweddingplanners.com\/es\/wp-json\/wp\/v2\/users\/1"}],"replies":[{"embeddable":true,"href":"https:\/\/tenerifeweddingplanners.com\/es\/wp-json\/wp\/v2\/comments?post=893"}],"version-history":[{"count":3,"href":"https:\/\/tenerifeweddingplanners.com\/es\/wp-json\/wp\/v2\/pages\/893\/revisions"}],"predecessor-version":[{"id":912,"href":"https:\/\/tenerifeweddingplanners.com\/es\/wp-json\/wp\/v2\/pages\/893\/revisions\/912"}],"wp:attachment":[{"href":"https:\/\/tenerifeweddingplanners.com\/es\/wp-json\/wp\/v2\/media?parent=893"}],"curies":[{"name":"wp","href":"https:\/\/api.w.org\/{rel}","templated":true}]}}